{"id":439,"date":"2015-09-10T14:09:00","date_gmt":"2015-09-10T14:09:00","guid":{"rendered":"http:\/\/dietamediterranea.com\/en\/portfolio\/"},"modified":"2015-09-21T12:29:50","modified_gmt":"2015-09-21T12:29:50","slug":"portfolio","status":"publish","type":"page","link":"https:\/\/dietamediterranea.com\/en\/portfolio\/","title":{"rendered":"PORTFOLIO"},"content":{"rendered":"\n\t\t<div id=\"fws_69edd3c603ad1\"  data-midnight=\"dark\"  data-bg-mobile-hidden=\"\" class=\"wpb_row vc_row-fluid vc_row top-level full-width-content standard_section   \"  style=\"padding-top: 0px; padding-bottom: 0px; \"><div class=\"row-bg-wrap\" data-bg-animation=\"none\"><div class=\"inner-wrap \"><div class=\"row-bg    \"  style=\"\"><\/div><\/div><div class=\"row-bg-overlay\" ><\/div><\/div><div class=\"col span_12 dark left\">\n\t<div  class=\"vc_col-sm-12 wpb_column column_container vc_column_container col no-extra-padding\"  data-t-w-inherits=\"default\" data-border-radius=\"none\" data-shadow=\"none\" data-border-animation=\"\" data-border-animation-delay=\"\" data-border-width=\"none\" data-border-style=\"\" data-border-color=\"\" data-bg-cover=\"\" data-padding-pos=\"all\" data-has-bg-color=\"false\" data-bg-color=\"\" data-bg-opacity=\"1\" data-hover-bg=\"\" data-hover-bg-opacity=\"1\" data-animation=\"\" data-delay=\"0\"><div class=\"column-bg-overlay\"><\/div>\n\t\t<div class=\"vc_column-inner\">\n\t\t\t<div class=\"wpb_wrapper\">\n\t\t\t\t\t\r\n\t\r\n\r\n\r\n\t<div class=\"portfolio-wrap \">\r\n\t\t\t\r\n\t\t\t\r\n\t\t\t<span class=\"portfolio-loading  none\">   <\/span>\r\n\r\n\t\t\t\r\n\t\t\t\t\t\t\r\n\t\t\t<div class=\"row portfolio-items masonry-items   constrain-max-cols\"  data-masonry-type=\"default\" data-ps=\"5\" data-starting-filter=\"\" data-gutter=\"default\" data-categories-to-show=\"\" data-bypass-cropping=\"\" data-lightbox-only=\"0\" data-col-num=\"elastic\">\r\n\t\t\t\t\t\t\t\t\t\r\n\t\t\t\t\t\t\t\t\t\t\r\n\t\t\t\t\t<div class=\"col elastic-portfolio-item regular element \"  data-project-cat=\"\" data-project-color=\"#78cd6e\" data-title-color=\"\" data-subtitle-color=\"\">\r\n\t\t\t\t\t\t\r\n\t\t\t\t\t\t<div class=\"inner-wrap animated\" data-animation=\"none\">\r\n\r\n\t\t\t\t\t\t\t\t\t\t\t\t\t\r\n\t\t\t\t\t\t\t<div class=\"work-item style-3-alt\" data-custom-content=\"on\" data-text-align=\"middle\">\r\n\t\t\t\t\t\t\t\t\r\n\t\t\t\t\t\t\t\t<img decoding=\"async\" src=\"https:\/\/dietamediterranea.com\/wp-content\/themes\/salient\/img\/no-portfolio-item-tiny.jpg\" class=\"no-img skip-lazy\" alt=\"Follow\" \/>\r\n\t\t\t\t\t\t\t\t<div class=\"work-info-bg\"><\/div>\r\n\t\t\t\t\t\t\t\t<div class=\"work-info\">\r\n\t\t\t\t\t\t\t\t\t\r\n\t\t\t\t\t\t\t\t\t\t\t\t\t\t\t\t\t\t\r\n\t\t\r\n\t\t\t\t\t\t\t\t\t<div class=\"vert-center\">\r\n\t\t\t\t\t\t\t\t\t\t<div class=\"custom-content\"><p style=\"text-align: center;\">Shares and promotes the values of the Mediterranean Diet, its products and the healthy lifestyle it represents, which is both socially viable and environmentally friendly ever.<\/p>\r\n<div class=\"nectar-social  hide-share-count items_2\"><a class='facebook-share nectar-sharing' href='#' title='Share this'> <i class='fa fa-facebook'><\/i> <span class='count'><\/span><\/a><a class='twitter-share nectar-sharing' href='#' title='Tweet this'> <i class='fa fa-twitter'><\/i> <span class='count'><\/span><\/a><\/div><\/div>\t\t\t\t\t\t\t\t\t\t\r\n\t\t\t\t\t\t\t\t\t<\/div><!--\/vert-center-->\r\n\t\t\t\t\t\t\t\t\t\r\n\t\t\t\t\t\t\t\t<\/div>\r\n\t\t\t\t\t\t\t<\/div><!--work-item-->\r\n\t\t\t\t\t\t\t\r\n\t\t\t\t\t\t\t\t\t\t\t\t\r\n\t\t\t\t\t\t\r\n\t\t\t\t\t<\/div><!--\/inner-wrap-->\r\n\t\t\t\t\t<\/div><!--\/col-->\r\n\t\t\t\t\t\r\n\t\t\t\t\t\t\t\t\t\r\n\t\t\t\t\t\t\t\t\t\t\r\n\t\t\t\t\t<div class=\"col elastic-portfolio-item regular element \"  data-project-cat=\"\" data-default-color=\"true\" data-title-color=\"\" data-subtitle-color=\"\">\r\n\t\t\t\t\t\t\r\n\t\t\t\t\t\t<div class=\"inner-wrap animated\" data-animation=\"none\">\r\n\r\n\t\t\t\t\t\t\t\t\t\t\t\t\t\r\n\t\t\t\t\t\t\t<div class=\"work-item style-3-alt\" data-custom-content=\"off\" data-text-align=\"middle\">\r\n\t\t\t\t\t\t\t\t\r\n\t\t\t\t\t\t\t\t<img loading=\"lazy\" decoding=\"async\" class=\"size-regular skip-lazy\" src=\"https:\/\/dietamediterranea.com\/wp-content\/uploads\/2015\/03\/DSC_6769-500x500.jpg\" alt=\"\" height=\"500\" width=\"500\" srcset=\"https:\/\/dietamediterranea.com\/wp-content\/uploads\/2015\/03\/DSC_6769-500x500.jpg 500w\" sizes=\"auto, (min-width: 1000px) 25vw, (min-width: 690px) 50vw, 100vw\" \/>\r\n\t\t\t\t\t\t\t\t<div class=\"work-info-bg\"><\/div>\r\n\t\t\t\t\t\t\t\t<div class=\"work-info\">\r\n\t\t\t\t\t\t\t\t\t\r\n\t\t\t\t\t\t\t\t\t\t\t\t\t\t\t\t\t\t\t\t\r\n\t\t\t\t\t\t\t\t\t\t\t<a href=\"http:\/\/congresodietamediterranea.com\/en\/\"><\/a>\r\n\t\t\t\t\t\t\t\t\t\t\r\n\t\t\t\t\t\t\t\t\t\t\t\t\t\t\t\t\t\t\t\r\n\t\t\r\n\t\t\t\t\t\t\t\t\t<div class=\"vert-center\">\r\n\t\t\t\t\t\t\t\t\t\t\t\r\n\t\t\t\t\t\t\t\t\t\t\t<h3>Mediterranean Diet Conference <\/h3> \r\n\t\t\t\t\t\t\t\t\t\t\t<p><a href=\"https:\/\/www.congresodietamediterranea.com\/en\/\">During Alimentaria 2018 in Barcelona<\/a><\/p>\t\t\t\t\t\t\t\t\t\t\r\n\t\t\t\t\t\t\t\t\t\t\t\t\t\t\t\t\t\t\t\t\r\n\t\t\t\t\t\t\t\t\t<\/div><!--\/vert-center-->\r\n\t\t\t\t\t\t\t\t\t\r\n\t\t\t\t\t\t\t\t<\/div>\r\n\t\t\t\t\t\t\t<\/div><!--work-item-->\r\n\t\t\t\t\t\t\t\r\n\t\t\t\t\t\t\t\t\t\t\t\t\r\n\t\t\t\t\t\t\r\n\t\t\t\t\t<\/div><!--\/inner-wrap-->\r\n\t\t\t\t\t<\/div><!--\/col-->\r\n\t\t\t\t\t\r\n\t\t\t\t\t\t\t\t\t\r\n\t\t\t\t\t\t\t\t\t\t\r\n\t\t\t\t\t<div class=\"col elastic-portfolio-item regular element destacado-en \"  data-project-cat=\"destacado-en \" data-default-color=\"true\" data-title-color=\"\" data-subtitle-color=\"\">\r\n\t\t\t\t\t\t\r\n\t\t\t\t\t\t<div class=\"inner-wrap animated\" data-animation=\"none\">\r\n\r\n\t\t\t\t\t\t\t\t\t\t\t\t\t\r\n\t\t\t\t\t\t\t<div class=\"work-item style-3-alt\" data-custom-content=\"off\" data-text-align=\"middle\">\r\n\t\t\t\t\t\t\t\t\r\n\t\t\t\t\t\t\t\t<img loading=\"lazy\" decoding=\"async\" class=\"size-regular skip-lazy\" src=\"https:\/\/dietamediterranea.com\/wp-content\/uploads\/2017\/03\/cadiz-el-faro-del-puerto-500x401.jpg\" alt=\"\" height=\"401\" width=\"500\" srcset=\"https:\/\/dietamediterranea.com\/wp-content\/uploads\/2017\/03\/cadiz-el-faro-del-puerto-500x401.jpg 500w\" sizes=\"auto, (min-width: 1000px) 25vw, (min-width: 690px) 50vw, 100vw\" \/>\r\n\t\t\t\t\t\t\t\t<div class=\"work-info-bg\"><\/div>\r\n\t\t\t\t\t\t\t\t<div class=\"work-info\">\r\n\t\t\t\t\t\t\t\t\t\r\n\t\t\t\t\t\t\t\t\t\t\t\t\t\t\t\t\t\t\t\t\r\n\t\t\t\t\t\t\t\t\t\t\t<a href=\"http:\/\/restaurantesdietamediterranea.com\/\"><\/a>\r\n\t\t\t\t\t\t\t\t\t\t\r\n\t\t\t\t\t\t\t\t\t\t\t\t\t\t\t\t\t\t\t\r\n\t\t\r\n\t\t\t\t\t\t\t\t\t<div class=\"vert-center\">\r\n\t\t\t\t\t\t\t\t\t\t\t\r\n\t\t\t\t\t\t\t\t\t\t\t<h3>Restaurantes Dieta Mediterranea <\/h3> \r\n\t\t\t\t\t\t\t\t\t\t\t<p><a href=\"http:\/\/restaurantesdietamediterranea.com\/\">Mediterranean Restaurants<\/a><\/p>\t\t\t\t\t\t\t\t\t\t\r\n\t\t\t\t\t\t\t\t\t\t\t\t\t\t\t\t\t\t\t\t\r\n\t\t\t\t\t\t\t\t\t<\/div><!--\/vert-center-->\r\n\t\t\t\t\t\t\t\t\t\r\n\t\t\t\t\t\t\t\t<\/div>\r\n\t\t\t\t\t\t\t<\/div><!--work-item-->\r\n\t\t\t\t\t\t\t\r\n\t\t\t\t\t\t\t\t\t\t\t\t\r\n\t\t\t\t\t\t\r\n\t\t\t\t\t<\/div><!--\/inner-wrap-->\r\n\t\t\t\t\t<\/div><!--\/col-->\r\n\t\t\t\t\t\r\n\t\t\t\t\t\t\t\t\t\r\n\t\t\t\t\t\t\t\t\t\t\r\n\t\t\t\t\t<div class=\"col elastic-portfolio-item wide element entradas-en \"  data-project-cat=\"entradas-en \" data-default-color=\"true\" data-title-color=\"\" data-subtitle-color=\"\">\r\n\t\t\t\t\t\t\r\n\t\t\t\t\t\t<div class=\"inner-wrap animated\" data-animation=\"none\">\r\n\r\n\t\t\t\t\t\t\t\t\t\t\t\t\t\r\n\t\t\t\t\t\t\t<div class=\"work-item style-3-alt\" data-custom-content=\"off\" data-text-align=\"left\">\r\n\t\t\t\t\t\t\t\t\r\n\t\t\t\t\t\t\t\t<img loading=\"lazy\" decoding=\"async\" class=\"size-wide skip-lazy\" src=\"https:\/\/dietamediterranea.com\/wp-content\/uploads\/2015\/09\/dieta_med-700x500.jpg\" alt=\"\" height=\"500\" width=\"700\" srcset=\"https:\/\/dietamediterranea.com\/wp-content\/uploads\/2015\/09\/dieta_med-700x500.jpg 1000w\" sizes=\"auto, (min-width: 1000px) 50vw, (min-width: 690px) 100vw, 100vw\" \/>\r\n\t\t\t\t\t\t\t\t<div class=\"work-info-bg\"><\/div>\r\n\t\t\t\t\t\t\t\t<div class=\"work-info\">\r\n\t\t\t\t\t\t\t\t\t\r\n\t\t\t\t\t\t\t\t\t\t\t\t\t\t\t\t\t\t\t\t\r\n\t\t\t\t\t\t\t\t\t\t\t<a href=\"\/en\/recetas\/\"><\/a>\r\n\t\t\t\t\t\t\t\t\t\t\r\n\t\t\t\t\t\t\t\t\t\t\t\t\t\t\t\t\t\t\t\r\n\t\t\r\n\t\t\t\t\t\t\t\t\t<div class=\"vert-center\">\r\n\t\t\t\t\t\t\t\t\t\t\t\r\n\t\t\t\t\t\t\t\t\t\t\t<h3>Recipe Search <\/h3> \r\n\t\t\t\t\t\t\t\t\t\t\t<p><a href=\"\/en\/recetas\/\">Find the delicious and nutritious recipe you're looking for.<\/a><\/p>\t\t\t\t\t\t\t\t\t\t\r\n\t\t\t\t\t\t\t\t\t\t\t\t\t\t\t\t\t\t\t\t\r\n\t\t\t\t\t\t\t\t\t<\/div><!--\/vert-center-->\r\n\t\t\t\t\t\t\t\t\t\r\n\t\t\t\t\t\t\t\t<\/div>\r\n\t\t\t\t\t\t\t<\/div><!--work-item-->\r\n\t\t\t\t\t\t\t\r\n\t\t\t\t\t\t\t\t\t\t\t\t\r\n\t\t\t\t\t\t\r\n\t\t\t\t\t<\/div><!--\/inner-wrap-->\r\n\t\t\t\t\t<\/div><!--\/col-->\r\n\t\t\t\t\t\r\n\t\t\t\t\t\t\t\t\t\r\n\t\t\t\t\t\t\t\t\t\t\r\n\t\t\t\t\t<div class=\"col elastic-portfolio-item regular element entradas-en \"  data-project-cat=\"entradas-en \" data-default-color=\"true\" data-title-color=\"#ffffff\" data-subtitle-color=\"#ffffff\">\r\n\t\t\t\t\t\t\r\n\t\t\t\t\t\t<div class=\"inner-wrap animated\" data-animation=\"none\">\r\n\r\n\t\t\t\t\t\t\t\t\t\t\t\t\t\r\n\t\t\t\t\t\t\t<div class=\"work-item style-3-alt\" data-custom-content=\"off\" data-text-align=\"middle\">\r\n\t\t\t\t\t\t\t\t\r\n\t\t\t\t\t\t\t\t<img loading=\"lazy\" decoding=\"async\" class=\"size-regular skip-lazy\" src=\"https:\/\/dietamediterranea.com\/wp-content\/uploads\/2015\/09\/Fresas-500x500.jpg\" alt=\"\" height=\"500\" width=\"500\" srcset=\"https:\/\/dietamediterranea.com\/wp-content\/uploads\/2015\/09\/Fresas-500x500.jpg 500w\" sizes=\"auto, (min-width: 1000px) 25vw, (min-width: 690px) 50vw, 100vw\" \/>\r\n\t\t\t\t\t\t\t\t<div class=\"work-info-bg\"><\/div>\r\n\t\t\t\t\t\t\t\t<div class=\"work-info\">\r\n\t\t\t\t\t\t\t\t\t\r\n\t\t\t\t\t\t\t\t\t\t\t\t\t\t\t\t\t\t\t\t\r\n\t\t\t\t\t\t\t\t\t\t\t<a href=\"\/en\/season-food\/\"><\/a>\r\n\t\t\t\t\t\t\t\t\t\t\r\n\t\t\t\t\t\t\t\t\t\t\t\t\t\t\t\t\t\t\t\r\n\t\t\r\n\t\t\t\t\t\t\t\t\t<div class=\"vert-center\">\r\n\t\t\t\t\t\t\t\t\t\t\t\r\n\t\t\t\t\t\t\t\t\t\t\t<h3>Seasonal Foods <\/h3> \r\n\t\t\t\t\t\t\t\t\t\t\t<p><a href=\"\/en\/season-food\/\">It is important to consume at its best, both in terms of inputs of nutrients and its aroma and flavor.<\/a><\/p>\t\t\t\t\t\t\t\t\t\t\r\n\t\t\t\t\t\t\t\t\t\t\t\t\t\t\t\t\t\t\t\t\r\n\t\t\t\t\t\t\t\t\t<\/div><!--\/vert-center-->\r\n\t\t\t\t\t\t\t\t\t\r\n\t\t\t\t\t\t\t\t<\/div>\r\n\t\t\t\t\t\t\t<\/div><!--work-item-->\r\n\t\t\t\t\t\t\t\r\n\t\t\t\t\t\t\t\t\t\t\t\t\r\n\t\t\t\t\t\t\r\n\t\t\t\t\t<\/div><!--\/inner-wrap-->\r\n\t\t\t\t\t<\/div><!--\/col-->\r\n\t\t\t\t\t\r\n\t\t\t\t\t\t\t\t\t\r\n\t\t\t\t\t\t\t\t\t\t\r\n\t\t\t\t\t<div class=\"col elastic-portfolio-item regular element \"  data-project-cat=\"\" data-default-color=\"true\" data-title-color=\"\" data-subtitle-color=\"\">\r\n\t\t\t\t\t\t\r\n\t\t\t\t\t\t<div class=\"inner-wrap animated\" data-animation=\"none\">\r\n\r\n\t\t\t\t\t\t\t\t\t\t\t\t\t\r\n\t\t\t\t\t\t\t<div class=\"work-item style-3-alt\" data-custom-content=\"off\" data-text-align=\"middle\">\r\n\t\t\t\t\t\t\t\t\r\n\t\t\t\t\t\t\t\t<img loading=\"lazy\" decoding=\"async\" class=\"size-regular skip-lazy\" src=\"https:\/\/dietamediterranea.com\/wp-content\/uploads\/2015\/09\/dietamedtotal-500x400.jpg\" alt=\"\" height=\"400\" width=\"500\" srcset=\"https:\/\/dietamediterranea.com\/wp-content\/uploads\/2015\/09\/dietamedtotal-500x400.jpg 500w\" sizes=\"auto, (min-width: 1000px) 25vw, (min-width: 690px) 50vw, 100vw\" \/>\r\n\t\t\t\t\t\t\t\t<div class=\"work-info-bg\"><\/div>\r\n\t\t\t\t\t\t\t\t<div class=\"work-info\">\r\n\t\t\t\t\t\t\t\t\t\r\n\t\t\t\t\t\t\t\t\t\t\t\t\t\t\t\t\t\t\t\t\r\n\t\t\t\t\t\t\t\t\t\t\t<a href=\"\/nutrition\/#pyramid\"><\/a>\r\n\t\t\t\t\t\t\t\t\t\t\r\n\t\t\t\t\t\t\t\t\t\t\t\t\t\t\t\t\t\t\t\r\n\t\t\r\n\t\t\t\t\t\t\t\t\t<div class=\"vert-center\">\r\n\t\t\t\t\t\t\t\t\t\t\t\r\n\t\t\t\t\t\t\t\t\t\t\t<h3>The Pyramid <\/h3> \r\n\t\t\t\t\t\t\t\t\t\t\t<p><a href=\"\/nutrition\/#pyramid\">The traditional Mediterranean diet pyramid has been updated to suit the current lifestyle.<\/a><\/p>\t\t\t\t\t\t\t\t\t\t\r\n\t\t\t\t\t\t\t\t\t\t\t\t\t\t\t\t\t\t\t\t\r\n\t\t\t\t\t\t\t\t\t<\/div><!--\/vert-center-->\r\n\t\t\t\t\t\t\t\t\t\r\n\t\t\t\t\t\t\t\t<\/div>\r\n\t\t\t\t\t\t\t<\/div><!--work-item-->\r\n\t\t\t\t\t\t\t\r\n\t\t\t\t\t\t\t\t\t\t\t\t\r\n\t\t\t\t\t\t\r\n\t\t\t\t\t<\/div><!--\/inner-wrap-->\r\n\t\t\t\t\t<\/div><!--\/col-->\r\n\t\t\t\t\t\r\n\t\t\t\t\t\t\t\t\t\r\n\t\t\t\t\t\t\t\t\t\t\r\n\t\t\t\t\t<div class=\"col elastic-portfolio-item regular element \"  data-project-cat=\"\" data-project-color=\"#27ccc0\" data-title-color=\"#ffffff\" data-subtitle-color=\"#ffffff\">\r\n\t\t\t\t\t\t\r\n\t\t\t\t\t\t<div class=\"inner-wrap animated\" data-animation=\"none\">\r\n\r\n\t\t\t\t\t\t\t\t\t\t\t\t\t\r\n\t\t\t\t\t\t\t<div class=\"work-item style-3-alt\" data-custom-content=\"off\" data-text-align=\"middle\">\r\n\t\t\t\t\t\t\t\t\r\n\t\t\t\t\t\t\t\t<img loading=\"lazy\" decoding=\"async\" class=\"size-regular skip-lazy\" src=\"https:\/\/dietamediterranea.com\/wp-content\/uploads\/2015\/09\/paralelo_verde-500x500.png\" alt=\"\" height=\"500\" width=\"500\" srcset=\"https:\/\/dietamediterranea.com\/wp-content\/uploads\/2015\/09\/paralelo_verde-500x500.png 500w\" sizes=\"auto, (min-width: 1000px) 25vw, (min-width: 690px) 50vw, 100vw\" \/>\r\n\t\t\t\t\t\t\t\t<div class=\"work-info-bg\"><\/div>\r\n\t\t\t\t\t\t\t\t<div class=\"work-info\">\r\n\t\t\t\t\t\t\t\t\t\r\n\t\t\t\t\t\t\t\t\t\t\t\t\t\t\t\t\t\t\t\t\r\n\t\t\t\t\t\t\t\t\t\t\t<a href=\"http:\/\/www.paralelo40.es\"><\/a>\r\n\t\t\t\t\t\t\t\t\t\t\r\n\t\t\t\t\t\t\t\t\t\t\t\t\t\t\t\t\t\t\t\r\n\t\t\r\n\t\t\t\t\t\t\t\t\t<div class=\"vert-center\">\r\n\t\t\t\t\t\t\t\t\t\t\t\r\n\t\t\t\t\t\t\t\t\t\t\t<h3>Paralelo 40\u00ba <\/h3> \r\n\t\t\t\t\t\t\t\t\t\t\t<p><a href=\"http:\/\/www.paralelo40.es\" target=\"_blank\">Promote, collect and disseminate interdisciplinary research &amp; amp; multisectoral Mediterranean diet<\/a><\/p>\t\t\t\t\t\t\t\t\t\t\r\n\t\t\t\t\t\t\t\t\t\t\t\t\t\t\t\t\t\t\t\t\r\n\t\t\t\t\t\t\t\t\t<\/div><!--\/vert-center-->\r\n\t\t\t\t\t\t\t\t\t\r\n\t\t\t\t\t\t\t\t<\/div>\r\n\t\t\t\t\t\t\t<\/div><!--work-item-->\r\n\t\t\t\t\t\t\t\r\n\t\t\t\t\t\t\t\t\t\t\t\t\r\n\t\t\t\t\t\t\r\n\t\t\t\t\t<\/div><!--\/inner-wrap-->\r\n\t\t\t\t\t<\/div><!--\/col-->\r\n\t\t\t\t\t\r\n\t\t\t\t\r\n\t\t\t<\/div><!--\/portfolio-->\r\n\t   <\/div><!--\/portfolio wrap-->\r\n\t\t\r\n\t\t\n\t\t\t<\/div> \n\t\t<\/div>\n\t<\/div> \n<\/div><\/div>\n","protected":false},"excerpt":{"rendered":"El paralelo 40\u00ba observatorio mundial de la dieta mediterr\u00e1nea es una iniciativa que pretende promocionar, recopilar, y difundir la investigaci\u00f3n interdisciplinar &amp; multisectorial de la dieta mediterr\u00e1nea desde las vertientes alimentaria y agraria, de salud, cultural, econ\u00f3mica, gastron\u00f3mica y medio-ambiental.","protected":false},"author":1,"featured_media":0,"parent":0,"menu_order":38,"comment_status":"closed","ping_status":"closed","template":"","meta":{"footnotes":""},"class_list":["post-439","page","type-page","status-publish"],"_links":{"self":[{"href":"https:\/\/dietamediterranea.com\/en\/wp-json\/wp\/v2\/pages\/439\/"}],"collection":[{"href":"https:\/\/dietamediterranea.com\/en\/wp-json\/wp\/v2\/pages\/"}],"about":[{"href":"https:\/\/dietamediterranea.com\/en\/wp-json\/wp\/v2\/types\/page\/"}],"author":[{"embeddable":true,"href":"https:\/\/dietamediterranea.com\/en\/wp-json\/wp\/v2\/users\/1\/"}],"replies":[{"embeddable":true,"href":"https:\/\/dietamediterranea.com\/en\/wp-json\/wp\/v2\/comments\/?post=439"}],"version-history":[{"count":1,"href":"https:\/\/dietamediterranea.com\/en\/wp-json\/wp\/v2\/pages\/439\/revisions\/"}],"predecessor-version":[{"id":440,"href":"https:\/\/dietamediterranea.com\/en\/wp-json\/wp\/v2\/pages\/439\/revisions\/440\/"}],"wp:attachment":[{"href":"https:\/\/dietamediterranea.com\/en\/wp-json\/wp\/v2\/media\/?parent=439"}],"curies":[{"name":"wp","href":"https:\/\/api.w.org\/{rel}","templated":true}]}}