{"id":3188,"date":"2017-03-07T14:30:55","date_gmt":"2017-03-07T14:30:55","guid":{"rendered":"http:\/\/dietamediterranea.com\/restaurantes-dieta-mediterranea\/"},"modified":"2017-03-07T16:38:03","modified_gmt":"2017-03-07T16:38:03","slug":"restaurantes-dieta-mediterranea","status":"publish","type":"page","link":"https:\/\/dietamediterranea.com\/ca\/restaurantes-dieta-mediterranea\/","title":{"rendered":"RESTAURANTES DIETA MEDITERR\u00c1NEA"},"content":{"rendered":"\n\t\t<div id=\"fws_69df370d05c2e\"  data-midnight=\"dark\"  data-bg-mobile-hidden=\"\" class=\"wpb_row vc_row-fluid vc_row top-level full-width-content  vc_row-o-equal-height vc_row-flex  vc_row-o-content-middle standard_section   \"  style=\"padding-top: 0px; padding-bottom: 0px; \"><div class=\"row-bg-wrap\" data-bg-animation=\"none\"><div class=\"inner-wrap \"><div class=\"row-bg    \"  style=\"\"><\/div><\/div><div class=\"row-bg-overlay\" ><\/div><\/div><div class=\"col span_12 dark center\">\n\t<div  class=\"vc_col-sm-6 wpb_column column_container vc_column_container col centered-text padding-10-percent\"  data-t-w-inherits=\"default\" data-border-radius=\"none\" data-shadow=\"none\" data-border-animation=\"\" data-border-animation-delay=\"\" data-border-width=\"none\" data-border-style=\"\" data-border-color=\"\" data-bg-cover=\"\" data-padding-pos=\"all\" data-has-bg-color=\"false\" data-bg-color=\"\" data-bg-opacity=\"1\" data-hover-bg=\"\" data-hover-bg-opacity=\"1\" data-animation=\"\" data-delay=\"0\"><div class=\"column-bg-overlay\"><\/div>\n\t\t<div class=\"vc_column-inner\">\n\t\t\t<div class=\"wpb_wrapper\">\n\t\t\t\t\r\n\t<div class=\"wpb_text_column wpb_content_element \" >\r\n\t\t<div class=\"wpb_wrapper\">\r\n\t\t\t<h1>RESTAURANTS DIETA MEDITERR\u00c0NIA<\/h1>\n<h2>Promoci\u00f3 i salvaguarda de la dieta mediterr\u00e0nia aut\u00e8ntica<\/h2>\n\r\n\t\t<\/div>\r\n\t<\/div>\r\n\n\t\t\t<\/div> \n\t\t<\/div>\n\t<\/div> \n\n\t<div style=\"\" class=\"vc_col-sm-6 wpb_column column_container vc_column_container col centered-text no-extra-padding\" data-using-bg=\"true\" data-t-w-inherits=\"default\" data-border-radius=\"none\" data-shadow=\"none\" data-border-animation=\"\" data-border-animation-delay=\"\" data-border-width=\"none\" data-border-style=\"\" data-border-color=\"\" data-bg-cover=\"true\" data-padding-pos=\"all\" data-has-bg-color=\"false\" data-bg-color=\"\" data-bg-opacity=\"1\" data-hover-bg=\"\" data-hover-bg-opacity=\"1\" data-animation=\"\" data-delay=\"0\"><div class=\"column-image-bg-wrap\" data-bg-animation=\"none\"><div class=\"inner-wrap\"><div class=\"column-image-bg\" style=\" background-image: url('https:\/\/dietamediterranea.com\/wp-content\/uploads\/2017\/03\/girona-compartir.jpg'); \"><\/div><\/div><\/div><div class=\"column-bg-overlay\"><\/div>\n\t\t<div class=\"vc_column-inner\">\n\t\t\t<div class=\"wpb_wrapper\">\n\t\t\t\t<div class=\"divider-wrap\" data-alignment=\"default\"><div style=\"height: 300px;\" class=\"divider\"><\/div><\/div>\n\t\t\t<\/div> \n\t\t<\/div>\n\t<\/div> \n<\/div><\/div>\n\t\t<div id=\"fws_69df370d06a38\"  data-midnight=\"dark\"  data-bg-mobile-hidden=\"\" class=\"wpb_row vc_row-fluid vc_row full-width-content  vc_row-o-equal-height vc_row-flex  vc_row-o-content-middle standard_section   \"  style=\"padding-top: 0px; padding-bottom: 0px; \"><div class=\"row-bg-wrap\" data-bg-animation=\"none\"><div class=\"inner-wrap \"><div class=\"row-bg    \"  style=\"\"><\/div><\/div><div class=\"row-bg-overlay\" ><\/div><\/div><div class=\"col span_12 dark center\">\n\t<div style=\"\" class=\"vc_col-sm-6 wpb_column column_container vc_column_container col centered-text padding-10-percent\" data-using-bg=\"true\" data-t-w-inherits=\"default\" data-border-radius=\"none\" data-shadow=\"none\" data-border-animation=\"\" data-border-animation-delay=\"\" data-border-width=\"none\" data-border-style=\"\" data-border-color=\"\" data-bg-cover=\"\" data-padding-pos=\"all\" data-has-bg-color=\"false\" data-bg-color=\"\" data-bg-opacity=\"1\" data-hover-bg=\"\" data-hover-bg-opacity=\"1\" data-animation=\"\" data-delay=\"0\"><div class=\"column-image-bg-wrap\" data-bg-animation=\"none\"><div class=\"inner-wrap\"><div class=\"column-image-bg\" style=\" background-image: url('https:\/\/dietamediterranea.com\/wp-content\/uploads\/2017\/03\/barcelona-bodega-1900.jpg'); \"><\/div><\/div><\/div><div class=\"column-bg-overlay\"><\/div>\n\t\t<div class=\"vc_column-inner\">\n\t\t\t<div class=\"wpb_wrapper\">\n\t\t\t\t<div class=\"divider-wrap\" data-alignment=\"default\"><div style=\"height: 300px;\" class=\"divider\"><\/div><\/div>\n\t\t\t<\/div> \n\t\t<\/div>\n\t<\/div> \n\n\t<div  class=\"vc_col-sm-6 wpb_column column_container vc_column_container col centered-text padding-10-percent\"  data-t-w-inherits=\"default\" data-border-radius=\"none\" data-shadow=\"none\" data-border-animation=\"\" data-border-animation-delay=\"\" data-border-width=\"none\" data-border-style=\"\" data-border-color=\"\" data-bg-cover=\"\" data-padding-pos=\"all\" data-has-bg-color=\"false\" data-bg-color=\"\" data-bg-opacity=\"1\" data-hover-bg=\"\" data-hover-bg-opacity=\"1\" data-animation=\"\" data-delay=\"0\"><div class=\"column-bg-overlay\"><\/div>\n\t\t<div class=\"vc_column-inner\">\n\t\t\t<div class=\"wpb_wrapper\">\n\t\t\t\t\r\n\t<div class=\"wpb_text_column wpb_content_element \" >\r\n\t\t<div class=\"wpb_wrapper\">\r\n\t\t\t<h2><strong>La Dieta Mediterr\u00e0nia ha estat recentment reconeguda per la UNESCO com a Patrimoni Cultural Immaterial, una decisi\u00f3 que refor\u00e7a l&#8217;objectiu d&#8217;establir-la com a estil de vida de refer\u00e8ncia.<\/strong><\/h2>\n<p>Els restaurants s\u00f3n un dels principals beneficiaris del Projecte. El sector privat ha de ser encoratjat en la promoci\u00f3 i salvaguarda de la DM aut\u00e8ntica.<\/p>\n<p>Les activitats previstes recolzen a aquells restaurants interessats per oferir i promoure la DM aut\u00e8ntica a trav\u00e9s de l&#8217;acolliment d&#8217;un segell de qualitat Dieta Mediterr\u00e0nia, en la forma d&#8217;una marca col\u00b7lectiva.<\/p>\n\r\n\t\t<\/div>\r\n\t<\/div>\r\n\n\t\t\t<\/div> \n\t\t<\/div>\n\t<\/div> \n<\/div><\/div>\n\t\t<div id=\"fws_69df370d073d4\"  data-midnight=\"dark\"  data-bg-mobile-hidden=\"\" class=\"wpb_row vc_row-fluid vc_row full-width-content  vc_row-o-equal-height vc_row-flex  vc_row-o-content-middle standard_section   \"  style=\"padding-top: 0px; padding-bottom: 0px; \"><div class=\"row-bg-wrap\" data-bg-animation=\"none\"><div class=\"inner-wrap \"><div class=\"row-bg    \"  style=\"\"><\/div><\/div><div class=\"row-bg-overlay\" ><\/div><\/div><div class=\"col span_12 dark center\">\n\t<div  class=\"vc_col-sm-6 wpb_column column_container vc_column_container col centered-text padding-10-percent\"  data-t-w-inherits=\"default\" data-border-radius=\"none\" data-shadow=\"none\" data-border-animation=\"\" data-border-animation-delay=\"\" data-border-width=\"none\" data-border-style=\"\" data-border-color=\"\" data-bg-cover=\"\" data-padding-pos=\"all\" data-has-bg-color=\"false\" data-bg-color=\"\" data-bg-opacity=\"1\" data-hover-bg=\"\" data-hover-bg-opacity=\"1\" data-animation=\"\" data-delay=\"0\"><div class=\"column-bg-overlay\"><\/div>\n\t\t<div class=\"vc_column-inner\">\n\t\t\t<div class=\"wpb_wrapper\">\n\t\t\t\t\r\n\t<div class=\"wpb_text_column wpb_content_element \" >\r\n\t\t<div class=\"wpb_wrapper\">\r\n\t\t\t<h1>Degusta el Mediterrani<\/h1>\n<h2>Troba noves destinacions per al teu paladar<\/h2>\n<p><a class=\"nectar-button medium see-through-2 has-icon\" target=\"_blank\" href=\"http:\/\/restaurantesdietamediterranea.com\/buscar\/\" data-color-override=\"false\" data-hover-color-override=\"false\" data-hover-text-color-override=\"#fff\"><span>CERCA RESTAURANTS A LA WEB<\/span><i class=\"iconsmind-Monitor-3\"><\/i><\/a> <a class=\"nectar-button medium see-through-2 has-icon\" target=\"_blank\" href=\"https:\/\/itunes.apple.com\/us\/app\/meddietrest\/id1101397762?ls=1&amp;mt=8\" data-color-override=\"false\" data-hover-color-override=\"false\" data-hover-text-color-override=\"#fff\"><span>IOS APP<\/span><i class=\"iconsmind-Apple-Bite\"><\/i><\/a> <a class=\"nectar-button medium see-through-2 has-icon\" target=\"_blank\" href=\"https:\/\/play.google.com\/store\/apps\/details?id=com.goodbarber.meddiet\" data-color-override=\"false\" data-hover-color-override=\"false\" data-hover-text-color-override=\"#fff\"><span>ANDROID APP<\/span><i class=\"iconsmind-Android\"><\/i><\/a><\/p>\n<p>Amb la colaboraci\u00f3 de:<\/p>\n<p><img decoding=\"async\" style=\"max-width: 250px!important;\" src=\"\/wp-content\/uploads\/2017\/03\/departamentagricultura.jpg\" \/><\/p>\n\r\n\t\t<\/div>\r\n\t<\/div>\r\n\n\t\t\t<\/div> \n\t\t<\/div>\n\t<\/div> \n\n\t<div style=\"\" class=\"vc_col-sm-6 wpb_column column_container vc_column_container col centered-text padding-10-percent\" data-using-bg=\"true\" data-t-w-inherits=\"default\" data-border-radius=\"none\" data-shadow=\"none\" data-border-animation=\"\" data-border-animation-delay=\"\" data-border-width=\"none\" data-border-style=\"\" data-border-color=\"\" data-bg-cover=\"true\" data-padding-pos=\"all\" data-has-bg-color=\"false\" data-bg-color=\"\" data-bg-opacity=\"1\" data-hover-bg=\"\" data-hover-bg-opacity=\"1\" data-animation=\"\" data-delay=\"0\"><div class=\"column-image-bg-wrap\" data-bg-animation=\"none\"><div class=\"inner-wrap\"><div class=\"column-image-bg\" style=\" background-image: url('https:\/\/dietamediterranea.com\/wp-content\/uploads\/2017\/03\/cadiz-el-faro-del-puerto.jpg'); \"><\/div><\/div><\/div><div class=\"column-bg-overlay\"><\/div>\n\t\t<div class=\"vc_column-inner\">\n\t\t\t<div class=\"wpb_wrapper\">\n\t\t\t\t<div class=\"divider-wrap\" data-alignment=\"default\"><div style=\"height: 300px;\" class=\"divider\"><\/div><\/div>\n\t\t\t<\/div> \n\t\t<\/div>\n\t<\/div> \n<\/div><\/div>\n","protected":false},"excerpt":{"rendered":"RESTAURANTS DIETA MEDITERR\u00c0NIA Promoci\u00f3 i salvaguarda de la dieta mediterr\u00e0nia aut\u00e8ntica La Dieta Mediterr\u00e0nia ha estat recentment reconeguda per la UNESCO com a Patrimoni Cultural Immaterial, una decisi\u00f3 que refor\u00e7a l'objectiu d'establir-la com a estil de vida de refer\u00e8ncia. Els...","protected":false},"author":1,"featured_media":0,"parent":0,"menu_order":18,"comment_status":"closed","ping_status":"closed","template":"","meta":{"footnotes":""},"class_list":["post-3188","page","type-page","status-publish"],"_links":{"self":[{"href":"https:\/\/dietamediterranea.com\/ca\/wp-json\/wp\/v2\/pages\/3188\/"}],"collection":[{"href":"https:\/\/dietamediterranea.com\/ca\/wp-json\/wp\/v2\/pages\/"}],"about":[{"href":"https:\/\/dietamediterranea.com\/ca\/wp-json\/wp\/v2\/types\/page\/"}],"author":[{"embeddable":true,"href":"https:\/\/dietamediterranea.com\/ca\/wp-json\/wp\/v2\/users\/1\/"}],"replies":[{"embeddable":true,"href":"https:\/\/dietamediterranea.com\/ca\/wp-json\/wp\/v2\/comments\/?post=3188"}],"version-history":[{"count":3,"href":"https:\/\/dietamediterranea.com\/ca\/wp-json\/wp\/v2\/pages\/3188\/revisions\/"}],"predecessor-version":[{"id":3204,"href":"https:\/\/dietamediterranea.com\/ca\/wp-json\/wp\/v2\/pages\/3188\/revisions\/3204\/"}],"wp:attachment":[{"href":"https:\/\/dietamediterranea.com\/ca\/wp-json\/wp\/v2\/media\/?parent=3188"}],"curies":[{"name":"wp","href":"https:\/\/api.w.org\/{rel}","templated":true}]}}